{"id":222,"date":"2022-01-12T04:36:27","date_gmt":"2022-01-12T04:36:27","guid":{"rendered":"https:\/\/www.chambainternacional.com\/?page_id=222"},"modified":"2022-01-12T04:36:30","modified_gmt":"2022-01-12T04:36:30","slug":"politica-de-privacidad","status":"publish","type":"page","link":"https:\/\/www.chambainternacional.com\/index.php\/politica-de-privacidad\/","title":{"rendered":"Pol\u00edtica de Privacidad"},"content":{"rendered":"\n<p>Quienes somos<\/p>\n\n\n\n<p>La direcci\u00f3n de nuestro sitio web es: <strong>www.chambainternacional.com<\/strong><\/p>\n\n\n\n<p>Qu\u00e9 datos personales recopilamos y por qu\u00e9 los recopilamos<\/p>\n\n\n\n<p>Comentarios<\/p>\n\n\n\n<p>Cuando los visitantes dejan comentarios en el sitio, recopilamos los datos que se muestran en el formulario de comentarios, y tambi\u00e9n la direcci\u00f3n IP del visitante y la cadena del agente del usuario del navegador para ayudar a detectar el correo no deseado.<\/p>\n\n\n\n<p>Se puede proporcionar una cadena an\u00f3nima creada desde su direcci\u00f3n de correo electr\u00f3nico (tambi\u00e9n llamada hash) al servicio Gravatar para ver si la est\u00e1 usando. La pol\u00edtica de privacidad del servicio Gravatar est\u00e1 disponible aqu\u00ed: https:\/\/automattic.com\/privacy\/. Despu\u00e9s de la aprobaci\u00f3n de su comentario, su imagen de perfil es visible para el p\u00fablico en el contexto de su comentario.<\/p>\n\n\n\n<p>1. En cuanto al contenido del sitio: T\u00e9rminos generales.<\/p>\n\n\n\n<p>Estos son los t\u00e9rminos generales para que los internautas acceden a los contenidos y servicios que <strong>www.chambainternacional.com<\/strong> pone a su disposici\u00f3n a trav\u00e9s del sitio web <strong>www.chambainternacional.com<\/strong>, quedando establecido que, al utilizar el sitio, suscribirse y aceptando estos t\u00e9rminos, usted est\u00e1 admitiendo haber le\u00eddo estos t\u00e9rminos y condiciones de uso, por lo tanto, est\u00e1 aceptando cada t\u00e9rmino suscrito en estos t\u00e9rminos.<\/p>\n\n\n\n<p><strong>www.chambainternacional.com<\/strong> tiene la facultad de hacer las modificaciones de los t\u00e9rminos y condiciones de uso en un futuro, por lo que el usuario est\u00e1 de acuerdo con dichas modificaciones que se pueden dar, aceptando en todo momento lo establecido.<\/p>\n\n\n\n<p>2. Fines del Sitio<\/p>\n\n\n\n<p>Este sitio web tiene por objetivo recopilar, ordenar y compartir informaci\u00f3n de empleos todas las semanas.<\/p>\n\n\n\n<p>con los navegantes en el sitio que est\u00e1n interesados en el tema. A su vez tambi\u00e9n se generan art\u00edculos de acuerdo a la tem\u00e1tica establecida.<\/p>\n\n\n\n<p>3. Derechos de autor.<\/p>\n\n\n\n<p><strong>www.chambainternacional.com<\/strong> no tiene v\u00ednculo con Facebook INC. La informaci\u00f3n recopilada es extra\u00edda de internet, dejando en claro que se tomaron de manera libre y gratuita. A su vez tambi\u00e9n <strong>www.chambainternacional.com<\/strong> hace sus propias im\u00e1genes. En caso de que se haya tomado im\u00e1genes con derechos de autor, puede escribirnos<\/p>\n\n\n\n<p>a <strong>info@chambainternacional.com<\/strong> o a trav\u00e9s del formulario, donde veremos el caso de inmediato y daremos de baja la imagen, en caso haya demostrado que la imagen es propiedad suya.<\/p>\n\n\n\n<p>Quien use nuestras im\u00e1genes no podr\u00e1 quitarle el logo o la marca del sitio, que indica quien lo creo. Las im\u00e1genes son libres de compartir en las redes sociales, correo electr\u00f3nico o cualquier otro medio, siempre y cuando no se altere la imagen que fue hecha por el sitio web.<\/p>\n\n\n\n<p>4. Objeto<\/p>\n\n\n\n<p>El prop\u00f3sito de estos t\u00e9rminos es que los visitantes accedan al sitio web, teniendo los conocimientos claros en cuanto a las condiciones de navegaci\u00f3n y de otros servicios que el sitio ofrece.<\/p>\n\n\n\n<p>5. El uso de cookies<\/p>\n\n\n\n<p>Las cookies se guardar\u00e1n en el disco duro de su computadora con la finalidad de tener el reconocimiento como usuario que constantemente vista el sitio y personaliza el uso de la p\u00e1gina web. La cookie se guardar\u00e1 hasta que usted lo elimine del disco duro de su computadora. Usted puede hacer que su navegador le avise sobre la presencia de cookies o que se rechace autom\u00e1ticamente.<\/p>\n\n\n\n<p>Control y desactivaci\u00f3n de cookies<\/p>\n\n\n\n<p>Puedes desactivar y\/o eliminar las cookies, siguiendo las indicaciones de tu navegador de Internet. Sin embargo, ten en cuenta que si lo haces se reducir\u00e1 considerablemente tu capacidad para navegar por nuestra web e incluso hacerla incompatible con tus intereses o necesidades. Los usuarios pueden elegir en cualquier momento qu\u00e9 cookies desean activar a trav\u00e9s de la configuraci\u00f3n de su navegador:<\/p>\n\n\n\n<p>Chrome desde: https:\/\/support.google.com\/accounts\/answer\/61416?co=GENIE.Platform%3DDesktop&amp;hl=es<\/p>\n\n\n\n<p>Explorer desde: https:\/\/support.microsoft.com\/es-es\/help\/278835\/how-to-delete-cookie-files-in-internet-explorer<\/p>\n\n\n\n<p>Firefox desde: https:\/\/support.mozilla.org\/es\/kb\/habilitar-y-deshabilitar-cookies-sitios-web-rastrear-preferencias<\/p>\n\n\n\n<p>Safari desde: https:\/\/support.apple.com\/kb\/ph21411?locale=es_ES<\/p>\n\n\n\n<p>Edad m\u00ednima<\/p>\n\n\n\n<p>Para acceder o utilizar nuestro web debes tener 16 a\u00f1os de edad o m\u00e1s. Si eres menor de 18 a\u00f1os o menor a la mayor\u00eda legal de tu pa\u00eds, tu uso de nuestra p\u00e1gina debe estar bajo la supervisi\u00f3n de tus padres o tutor u otro adulto responsable. Si tenemos conocimiento de que un menor de edad nos ha proporcionado informaci\u00f3n sin autorizaci\u00f3n parental, eliminaremos dicha informaci\u00f3n y suprimiremos la cuenta de referido menor.<\/p>\n\n\n\n<p>6. Terceros<\/p>\n\n\n\n<p>Este sitio web utiliza los servicios de publicidad de Google adsense, con el objetivo de brindar contenidos publicitarios, el cual los internautas visualizar\u00e1n en cada p\u00e1gina que visiten. Estos servidores publicitarios utilizan cookies con el cual les va permitir adecuar los contenidos de publicidad a los perfiles demogr\u00e1ficos de los visitantes.<\/p>\n\n\n\n<p>Para mayor informaci\u00f3n del uso de cookies en este sistema de publicidad, puedes ver https:\/\/www.google.com\/policies\/privacy\/<\/p>\n\n\n\n<p>7. Protecci\u00f3n de los datos del usuario<\/p>\n\n\n\n<p>Cualquier dato brindado por parte del usuario, que se puede dar a trav\u00e9s del correo electr\u00f3nico u otro medio, ser\u00e1n protegidos. Cabe recalcar la protecci\u00f3n de cualquier dato que se haya obtenido y que no ser\u00e1 transferido a terceros.<\/p>\n\n\n\n<p>8. T\u00e9rminos de uso en los contenidos<\/p>\n\n\n\n<p>Usamos la licencia de Creative Commons, el cual permite el uso libre de las im\u00e1genes, excepto algunas im\u00e1genes \u00fanicas. Con esto se deja en claro que cualquiera puede copiarlo, distribuirlo, pero sin alterar los cr\u00e9ditos de la p\u00e1gina, es decir retirar la marca con la url del sitio o el logo.<\/p>\n\n\n\n<p><strong>www.chambainternacional.com<\/strong> es una p\u00e1gina web con las mejores ofertas de trabajo y nuestro deber es informarle cada d\u00eda sobre puestos de trabajos en toda Latinoam\u00e9rica.<\/p>\n\n\n\n<p>Como autor y creador de este sitio me responsabilizo por proteger tu seguridad y privacidad, tales como correos, datos personales, n\u00fameros m\u00f3viles. Ya que no ser\u00e1n revelados a ning\u00fan individuo, tampoco se mostrar\u00e1 como spam, somos serios y velaremos por tu privacidad a cada d\u00eda.<\/p>\n\n\n\n<p>Santo Domingo Oeste <br>Rep\u00fablica Dominicana <\/p>\n\n\n\n<p>Si tienes dudas de nuestra pol\u00edtica de privacidad escribirnos ingresando al formulario de contacto.<\/p>\n","protected":false},"excerpt":{"rendered":"<p>Quienes somos La direcci\u00f3n de nuestro sitio web es: www.chambainternacional.com Qu\u00e9 datos personales recopilamos y por qu\u00e9 los recopilamos Comentarios Cuando los visitantes dejan comentarios &hellip; <\/p>\n","protected":false},"author":1,"featured_media":0,"parent":0,"menu_order":0,"comment_status":"closed","ping_status":"closed","template":"","meta":{"footnotes":""},"class_list":["post-222","page","type-page","status-publish","hentry"],"yoast_head":"<!-- This site is optimized with the Yoast SEO plugin v27.1.1 - https:\/\/yoast.com\/product\/yoast-seo-wordpress\/ -->\n<title>Pol\u00edtica de Privacidad - Vacantes de empleos<\/title>\n<meta name=\"robots\" content=\"index, follow, max-snippet:-1, max-image-preview:large, max-video-preview:-1\" \/>\n<link rel=\"canonical\" href=\"https:\/\/www.chambainternacional.com\/index.php\/politica-de-privacidad\/\" \/>\n<meta property=\"og:locale\" content=\"es_ES\" \/>\n<meta property=\"og:type\" content=\"article\" \/>\n<meta property=\"og:title\" content=\"Pol\u00edtica de Privacidad - Vacantes de empleos\" \/>\n<meta property=\"og:description\" content=\"Quienes somos La direcci\u00f3n de nuestro sitio web es: www.chambainternacional.com Qu\u00e9 datos personales recopilamos y por qu\u00e9 los recopilamos Comentarios Cuando los visitantes dejan comentarios &hellip;\" \/>\n<meta property=\"og:url\" content=\"https:\/\/www.chambainternacional.com\/index.php\/politica-de-privacidad\/\" \/>\n<meta property=\"og:site_name\" content=\"Vacantes de empleos\" \/>\n<meta property=\"article:modified_time\" content=\"2022-01-12T04:36:30+00:00\" \/>\n<meta name=\"twitter:card\" content=\"summary_large_image\" \/>\n<meta name=\"twitter:label1\" content=\"Est. reading time\" \/>\n\t<meta name=\"twitter:data1\" content=\"5 minutos\" \/>\n<script type=\"application\/ld+json\" class=\"yoast-schema-graph\">{\"@context\":\"https:\/\/schema.org\",\"@graph\":[{\"@type\":\"WebPage\",\"@id\":\"https:\/\/www.chambainternacional.com\/index.php\/politica-de-privacidad\/\",\"url\":\"https:\/\/www.chambainternacional.com\/index.php\/politica-de-privacidad\/\",\"name\":\"Pol\u00edtica de Privacidad - Vacantes de empleos\",\"isPartOf\":{\"@id\":\"https:\/\/www.chambainternacional.com\/#website\"},\"datePublished\":\"2022-01-12T04:36:27+00:00\",\"dateModified\":\"2022-01-12T04:36:30+00:00\",\"breadcrumb\":{\"@id\":\"https:\/\/www.chambainternacional.com\/index.php\/politica-de-privacidad\/#breadcrumb\"},\"inLanguage\":\"es-DO\",\"potentialAction\":[{\"@type\":\"ReadAction\",\"target\":[\"https:\/\/www.chambainternacional.com\/index.php\/politica-de-privacidad\/\"]}]},{\"@type\":\"BreadcrumbList\",\"@id\":\"https:\/\/www.chambainternacional.com\/index.php\/politica-de-privacidad\/#breadcrumb\",\"itemListElement\":[{\"@type\":\"ListItem\",\"position\":1,\"name\":\"Portada\",\"item\":\"https:\/\/www.chambainternacional.com\/\"},{\"@type\":\"ListItem\",\"position\":2,\"name\":\"Pol\u00edtica de Privacidad\"}]},{\"@type\":\"WebSite\",\"@id\":\"https:\/\/www.chambainternacional.com\/#website\",\"url\":\"https:\/\/www.chambainternacional.com\/\",\"name\":\"Vacantes de empleos\",\"description\":\"\",\"potentialAction\":[{\"@type\":\"SearchAction\",\"target\":{\"@type\":\"EntryPoint\",\"urlTemplate\":\"https:\/\/www.chambainternacional.com\/?s={search_term_string}\"},\"query-input\":{\"@type\":\"PropertyValueSpecification\",\"valueRequired\":true,\"valueName\":\"search_term_string\"}}],\"inLanguage\":\"es-DO\"}]}<\/script>\n<!-- \/ Yoast SEO plugin. -->","yoast_head_json":{"title":"Pol\u00edtica de Privacidad - Vacantes de empleos","robots":{"index":"index","follow":"follow","max-snippet":"max-snippet:-1","max-image-preview":"max-image-preview:large","max-video-preview":"max-video-preview:-1"},"canonical":"https:\/\/www.chambainternacional.com\/index.php\/politica-de-privacidad\/","og_locale":"es_ES","og_type":"article","og_title":"Pol\u00edtica de Privacidad - Vacantes de empleos","og_description":"Quienes somos La direcci\u00f3n de nuestro sitio web es: www.chambainternacional.com Qu\u00e9 datos personales recopilamos y por qu\u00e9 los recopilamos Comentarios Cuando los visitantes dejan comentarios &hellip;","og_url":"https:\/\/www.chambainternacional.com\/index.php\/politica-de-privacidad\/","og_site_name":"Vacantes de empleos","article_modified_time":"2022-01-12T04:36:30+00:00","twitter_card":"summary_large_image","twitter_misc":{"Est. reading time":"5 minutos"},"schema":{"@context":"https:\/\/schema.org","@graph":[{"@type":"WebPage","@id":"https:\/\/www.chambainternacional.com\/index.php\/politica-de-privacidad\/","url":"https:\/\/www.chambainternacional.com\/index.php\/politica-de-privacidad\/","name":"Pol\u00edtica de Privacidad - Vacantes de empleos","isPartOf":{"@id":"https:\/\/www.chambainternacional.com\/#website"},"datePublished":"2022-01-12T04:36:27+00:00","dateModified":"2022-01-12T04:36:30+00:00","breadcrumb":{"@id":"https:\/\/www.chambainternacional.com\/index.php\/politica-de-privacidad\/#breadcrumb"},"inLanguage":"es-DO","potentialAction":[{"@type":"ReadAction","target":["https:\/\/www.chambainternacional.com\/index.php\/politica-de-privacidad\/"]}]},{"@type":"BreadcrumbList","@id":"https:\/\/www.chambainternacional.com\/index.php\/politica-de-privacidad\/#breadcrumb","itemListElement":[{"@type":"ListItem","position":1,"name":"Portada","item":"https:\/\/www.chambainternacional.com\/"},{"@type":"ListItem","position":2,"name":"Pol\u00edtica de Privacidad"}]},{"@type":"WebSite","@id":"https:\/\/www.chambainternacional.com\/#website","url":"https:\/\/www.chambainternacional.com\/","name":"Vacantes de empleos","description":"","potentialAction":[{"@type":"SearchAction","target":{"@type":"EntryPoint","urlTemplate":"https:\/\/www.chambainternacional.com\/?s={search_term_string}"},"query-input":{"@type":"PropertyValueSpecification","valueRequired":true,"valueName":"search_term_string"}}],"inLanguage":"es-DO"}]}},"_links":{"self":[{"href":"https:\/\/www.chambainternacional.com\/index.php\/wp-json\/wp\/v2\/pages\/222","targetHints":{"allow":["GET"]}}],"collection":[{"href":"https:\/\/www.chambainternacional.com\/index.php\/wp-json\/wp\/v2\/pages"}],"about":[{"href":"https:\/\/www.chambainternacional.com\/index.php\/wp-json\/wp\/v2\/types\/page"}],"author":[{"embeddable":true,"href":"https:\/\/www.chambainternacional.com\/index.php\/wp-json\/wp\/v2\/users\/1"}],"replies":[{"embeddable":true,"href":"https:\/\/www.chambainternacional.com\/index.php\/wp-json\/wp\/v2\/comments?post=222"}],"version-history":[{"count":1,"href":"https:\/\/www.chambainternacional.com\/index.php\/wp-json\/wp\/v2\/pages\/222\/revisions"}],"predecessor-version":[{"id":224,"href":"https:\/\/www.chambainternacional.com\/index.php\/wp-json\/wp\/v2\/pages\/222\/revisions\/224"}],"wp:attachment":[{"href":"https:\/\/www.chambainternacional.com\/index.php\/wp-json\/wp\/v2\/media?parent=222"}],"curies":[{"name":"wp","href":"https:\/\/api.w.org\/{rel}","templated":true}]}}